{"id":3465,"date":"2016-02-19T11:45:54","date_gmt":"2016-02-19T10:45:54","guid":{"rendered":"http:\/\/new.pozzioreste.com\/?page_id=3465"},"modified":"2021-09-01T15:25:50","modified_gmt":"2021-09-01T13:25:50","slug":"die-geschichte","status":"publish","type":"page","link":"https:\/\/www.pozzioreste.com\/de\/die-geschichte\/","title":{"rendered":"POZZI ORESTE S.r.l.   \u201cDIE GESCHICHTE \u201c"},"content":{"rendered":"<p>[et_pb_section fb_built=&#8220;1&#8243; _builder_version=&#8220;4.9.3&#8243; background_color=&#8220;RGBA(0,0,0,0)&#8220; global_colors_info=&#8220;{}&#8220;][et_pb_row column_structure=&#8220;2_3,1_3&#8243; _builder_version=&#8220;3.25&#8243; background_size=&#8220;initial&#8220; background_position=&#8220;top_left&#8220; background_repeat=&#8220;repeat&#8220; global_colors_info=&#8220;{}&#8220;][et_pb_column type=&#8220;2_3&#8243; _builder_version=&#8220;3.25&#8243; custom_padding=&#8220;|||&#8220; global_colors_info=&#8220;{}&#8220; custom_padding__hover=&#8220;|||&#8220;][et_pb_text admin_label=&#8220;Testo&#8220; _builder_version=&#8220;4.10.5&#8243; background_size=&#8220;initial&#8220; background_position=&#8220;top_left&#8220; background_repeat=&#8220;repeat&#8220; hover_enabled=&#8220;0&#8243; use_border_color=&#8220;off&#8220; border_color=&#8220;#ffffff&#8220; border_style=&#8220;solid&#8220; global_colors_info=&#8220;{}&#8220; sticky_enabled=&#8220;0&#8243;]<\/p>\n<h3>POZZI ORESTE S.r.l. &nbsp;&nbsp;\u201cDIE GESCHICHTE \u201c<\/h3>\n<p>Der Begr\u00fcnder: &nbsp;Ritter Oreste Pozzi,<\/p>\n<p>Er beginnt seine Karriere w\u00e4hrend des Krieges, mit der Montage und Herstellung von Patronenkammer Teilen f\u00fcr Gewehre und Pistolen f\u00fcr eine bekannte italienische Waffenfabrik. Nach dem Krieg rund um den Beginn der 50er Jahre bis in die sp\u00e4ten 60er Jahre arbeitet er als kleine Handwerker bei der Automobilhersteller Fiat, wo er Verschl\u00fcsse und Komponenten f\u00fcr Pkw und Lkw produziert und er beendet die Arbeitsgemeinschaft am Ende von 60 Jahren.<\/p>\n<p>In den fr\u00fchen 70er Jahren mit dem Eintritt in das Unternehmen von seinem Sohn Marico endet er die oben genannte berufliche Zusammenarbeit mit der Turiner Firma, und daher wird den \u00dcbergang von Subunternehmer bis Hersteller von Komponenten und Zubeh\u00f6r f\u00fcr Industriefahrzeuge mit einer sehr spezifischen Arbeitsstruktur bestehend aus Designern, Vertriebsmitarbeitern und Verwaltungsabteilung, alle diese voneinander verschieden, geschaffen. Dank dieser Organisation erwirbt Oreste Pozzi seinen Kunden in Italien und Europa, alledem durch wirtschaftlichen Anstrengungen von Aktion\u00e4ren und Verk\u00e4ufern, mit dem Ziel der kontinuierlichen Kundenforschung, welche noch auf dem Laufenden fortgesetzt wird.<\/p>\n<p>Die heutige Stufe ist durch die Wirkung der zweiten und dritten Generation gekennzeichnet, d.h. der Gesch\u00e4ftsf\u00fchrer Marico, seine Frau Gloria und ihre Nachkommen Paolo und Silvia. Die Tochter zusammen mit ihrer Mutter Gloria, Experte Buchhalterin, besch\u00e4ftigt sich mit Verwaltungsabteilung, w\u00e4hrend Paolo befasst sich mit dem gewerblichen Bereich und mit der F\u00f6rderung dieser neuen von ihm selbst gew\u00fcnschten Website zum Zweck einer erh\u00f6hten Sichtbarkeit globalen Sichtbarkeit.<\/p>\n<p>Wir bedanken Ihnen allen f\u00fcr die auf das Lesen von unserer kurzen Geschichte gewidmeten Zeit und wir empfehlen unsere neue Website zu besuchen, um unsere Produktion zu entdecken.<\/p>\n<p><a href=\"https:\/\/www.pozzioreste.com\/wp-content\/uploads\/2015\/04\/firma.jpg\"><img loading=\"lazy\" class=\"alignright wp-image-3272\" src=\"https:\/\/www.pozzioreste.com\/wp-content\/uploads\/2015\/04\/firma-300x139.jpg\" alt=\"firma\" width=\"100\" height=\"46\"><\/a><\/p>\n<p>[\/et_pb_text][\/et_pb_column][et_pb_column type=&#8220;1_3&#8243; _builder_version=&#8220;3.25&#8243; custom_padding=&#8220;|||&#8220; global_colors_info=&#8220;{}&#8220; custom_padding__hover=&#8220;|||&#8220;][et_pb_image src=&#8220;https:\/\/www.pozzioreste.com\/wp-content\/uploads\/2015\/04\/APPENA-APERTO-UFFICIO-E-CAPANNONE-ANNI-50.jpg&#8220; align_tablet=&#8220;center&#8220; align_phone=&#8220;&#8220; align_last_edited=&#8220;on|desktop&#8220; admin_label=&#8220;Immagine&#8220; _builder_version=&#8220;3.23&#8243; use_border_color=&#8220;off&#8220; border_color=&#8220;#ffffff&#8220; border_style=&#8220;solid&#8220; animation=&#8220;off&#8220; sticky=&#8220;off&#8220; always_center_on_mobile=&#8220;on&#8220; global_colors_info=&#8220;{}&#8220;][\/et_pb_image][et_pb_image src=&#8220;https:\/\/www.pozzioreste.com\/wp-content\/uploads\/2015\/12\/IL-FONDATORE-POZZI-ORESTE.jpg&#8220; align_tablet=&#8220;center&#8220; align_phone=&#8220;&#8220; align_last_edited=&#8220;on|desktop&#8220; admin_label=&#8220;Immagine&#8220; _builder_version=&#8220;3.23&#8243; use_border_color=&#8220;off&#8220; border_color=&#8220;#ffffff&#8220; border_style=&#8220;solid&#8220; animation=&#8220;off&#8220; sticky=&#8220;off&#8220; always_center_on_mobile=&#8220;on&#8220; global_colors_info=&#8220;{}&#8220;][\/et_pb_image][\/et_pb_column][\/et_pb_row][et_pb_row _builder_version=&#8220;3.25&#8243; background_size=&#8220;initial&#8220; background_position=&#8220;top_left&#8220; background_repeat=&#8220;repeat&#8220; global_colors_info=&#8220;{}&#8220;][et_pb_column type=&#8220;4_4&#8243; _builder_version=&#8220;3.25&#8243; custom_padding=&#8220;|||&#8220; global_colors_info=&#8220;{}&#8220; custom_padding__hover=&#8220;|||&#8220;][et_pb_text admin_label=&#8220;Testo&#8220; _builder_version=&#8220;4.10.5&#8243; background_size=&#8220;initial&#8220; background_position=&#8220;top_left&#8220; background_repeat=&#8220;repeat&#8220; hover_enabled=&#8220;0&#8243; use_border_color=&#8220;off&#8220; border_color=&#8220;#ffffff&#8220; border_style=&#8220;solid&#8220; global_colors_info=&#8220;{}&#8220; sticky_enabled=&#8220;0&#8243;]<!-- index.php -->\n<div\n\tclass=\"ngg-galleryoverview ngg-ajax-pagination-none\"\n\tid=\"ngg-gallery-c23b548890b198dfa384b83e0da3df3f-1\">\n\n    \t<div class=\"slideshowlink\">\n        <a href='https:\/\/www.pozzioreste.com\/de\/die-geschichte\/nggallery\/slideshow'>[Mostra slideshow]<\/a>\n\t\t\n\t<\/div>\n\t\t\t<!-- Thumbnails -->\n\t\t\t\t<div id=\"ngg-image-0\" class=\"ngg-gallery-thumbnail-box\" >\n\t\t\t\t        <div class=\"ngg-gallery-thumbnail\">\n            <a href=\"https:\/\/www.pozzioreste.com\/wp-content\/gallery\/storia\/1963.jpg\"\n               title=\"1963\"\n               data-src=\"https:\/\/www.pozzioreste.com\/wp-content\/gallery\/storia\/1963.jpg\"\n               data-thumbnail=\"https:\/\/www.pozzioreste.com\/wp-content\/gallery\/storia\/thumbs\/thumbs_1963.jpg\"\n               data-image-id=\"351\"\n               data-title=\"1963.jpg\"\n               data-description=\"1963\"\n               data-image-slug=\"1963-jpg\"\n               class=\"ngg-fancybox\" rel=\"c23b548890b198dfa384b83e0da3df3f\">\n                <img\n                    title=\"1963.jpg\"\n                    alt=\"1963.jpg\"\n                    src=\"https:\/\/www.pozzioreste.com\/wp-content\/gallery\/storia\/cache\/1963.jpg-nggid03351-ngg0dyn-180x135x100-00f0w010c011r110f110r010t010.jpg\"\n                    width=\"180\"\n                    height=\"135\"\n                    style=\"max-width:100%;\"\n                \/>\n            <\/a>\n        <\/div>\n\t\t\t\t\t\t\t<\/div> \n\t\t\t\n        \n\t\t\t\t<div id=\"ngg-image-1\" class=\"ngg-gallery-thumbnail-box\" >\n\t\t\t\t        <div class=\"ngg-gallery-thumbnail\">\n            <a href=\"https:\/\/www.pozzioreste.com\/wp-content\/gallery\/storia\/1966.jpg\"\n               title=\"1966\"\n               data-src=\"https:\/\/www.pozzioreste.com\/wp-content\/gallery\/storia\/1966.jpg\"\n               data-thumbnail=\"https:\/\/www.pozzioreste.com\/wp-content\/gallery\/storia\/thumbs\/thumbs_1966.jpg\"\n               data-image-id=\"352\"\n               data-title=\"1966.jpg\"\n               data-description=\"1966\"\n               data-image-slug=\"1966-jpg\"\n               class=\"ngg-fancybox\" rel=\"c23b548890b198dfa384b83e0da3df3f\">\n                <img\n                    title=\"1966.jpg\"\n                    alt=\"1966.jpg\"\n                    src=\"https:\/\/www.pozzioreste.com\/wp-content\/gallery\/storia\/cache\/1966.jpg-nggid03352-ngg0dyn-180x135x100-00f0w010c011r110f110r010t010.jpg\"\n                    width=\"180\"\n                    height=\"135\"\n                    style=\"max-width:100%;\"\n                \/>\n            <\/a>\n        <\/div>\n\t\t\t\t\t\t\t<\/div> \n\t\t\t\n        \n\t\t\t\t<div id=\"ngg-image-2\" class=\"ngg-gallery-thumbnail-box\" >\n\t\t\t\t        <div class=\"ngg-gallery-thumbnail\">\n            <a href=\"https:\/\/www.pozzioreste.com\/wp-content\/gallery\/storia\/1968.jpg\"\n               title=\"1968\"\n               data-src=\"https:\/\/www.pozzioreste.com\/wp-content\/gallery\/storia\/1968.jpg\"\n               data-thumbnail=\"https:\/\/www.pozzioreste.com\/wp-content\/gallery\/storia\/thumbs\/thumbs_1968.jpg\"\n               data-image-id=\"353\"\n               data-title=\"1968.jpg\"\n               data-description=\"1968\"\n               data-image-slug=\"1968-jpg\"\n               class=\"ngg-fancybox\" rel=\"c23b548890b198dfa384b83e0da3df3f\">\n                <img\n                    title=\"1968.jpg\"\n                    alt=\"1968.jpg\"\n                    src=\"https:\/\/www.pozzioreste.com\/wp-content\/gallery\/storia\/cache\/1968.jpg-nggid03353-ngg0dyn-180x135x100-00f0w010c011r110f110r010t010.jpg\"\n                    width=\"180\"\n                    height=\"135\"\n                    style=\"max-width:100%;\"\n                \/>\n            <\/a>\n        <\/div>\n\t\t\t\t\t\t\t<\/div> \n\t\t\t\n        \n\t\t\t\t<div id=\"ngg-image-3\" class=\"ngg-gallery-thumbnail-box\" >\n\t\t\t\t        <div class=\"ngg-gallery-thumbnail\">\n            <a href=\"https:\/\/www.pozzioreste.com\/wp-content\/gallery\/storia\/1980.jpg\"\n               title=\"1980\"\n               data-src=\"https:\/\/www.pozzioreste.com\/wp-content\/gallery\/storia\/1980.jpg\"\n               data-thumbnail=\"https:\/\/www.pozzioreste.com\/wp-content\/gallery\/storia\/thumbs\/thumbs_1980.jpg\"\n               data-image-id=\"354\"\n               data-title=\"1980.jpg\"\n               data-description=\"1980\"\n               data-image-slug=\"1980-jpg\"\n               class=\"ngg-fancybox\" rel=\"c23b548890b198dfa384b83e0da3df3f\">\n                <img\n                    title=\"1980.jpg\"\n                    alt=\"1980.jpg\"\n                    src=\"https:\/\/www.pozzioreste.com\/wp-content\/gallery\/storia\/cache\/1980.jpg-nggid03354-ngg0dyn-180x135x100-00f0w010c011r110f110r010t010.jpg\"\n                    width=\"180\"\n                    height=\"135\"\n                    style=\"max-width:100%;\"\n                \/>\n            <\/a>\n        <\/div>\n\t\t\t\t\t\t\t<\/div> \n\t\t\t\n        \n\t\t\t\t<div id=\"ngg-image-4\" class=\"ngg-gallery-thumbnail-box\" >\n\t\t\t\t        <div class=\"ngg-gallery-thumbnail\">\n            <a href=\"https:\/\/www.pozzioreste.com\/wp-content\/gallery\/storia\/1982.jpg\"\n               title=\"1982\"\n               data-src=\"https:\/\/www.pozzioreste.com\/wp-content\/gallery\/storia\/1982.jpg\"\n               data-thumbnail=\"https:\/\/www.pozzioreste.com\/wp-content\/gallery\/storia\/thumbs\/thumbs_1982.jpg\"\n               data-image-id=\"355\"\n               data-title=\"1982.jpg\"\n               data-description=\"1982\"\n               data-image-slug=\"1982-jpg\"\n               class=\"ngg-fancybox\" rel=\"c23b548890b198dfa384b83e0da3df3f\">\n                <img\n                    title=\"1982.jpg\"\n                    alt=\"1982.jpg\"\n                    src=\"https:\/\/www.pozzioreste.com\/wp-content\/gallery\/storia\/cache\/1982.jpg-nggid03355-ngg0dyn-180x135x100-00f0w010c011r110f110r010t010.jpg\"\n                    width=\"180\"\n                    height=\"135\"\n                    style=\"max-width:100%;\"\n                \/>\n            <\/a>\n        <\/div>\n\t\t\t\t\t\t\t<\/div> \n\t\t\t\n        \n\t\t\t\t<div id=\"ngg-image-5\" class=\"ngg-gallery-thumbnail-box\" >\n\t\t\t\t        <div class=\"ngg-gallery-thumbnail\">\n            <a href=\"https:\/\/www.pozzioreste.com\/wp-content\/gallery\/storia\/1985.jpg\"\n               title=\"1985\"\n               data-src=\"https:\/\/www.pozzioreste.com\/wp-content\/gallery\/storia\/1985.jpg\"\n               data-thumbnail=\"https:\/\/www.pozzioreste.com\/wp-content\/gallery\/storia\/thumbs\/thumbs_1985.jpg\"\n               data-image-id=\"356\"\n               data-title=\"1985.jpg\"\n               data-description=\"1985\"\n               data-image-slug=\"1985-jpg\"\n               class=\"ngg-fancybox\" rel=\"c23b548890b198dfa384b83e0da3df3f\">\n                <img\n                    title=\"1985.jpg\"\n                    alt=\"1985.jpg\"\n                    src=\"https:\/\/www.pozzioreste.com\/wp-content\/gallery\/storia\/cache\/1985.jpg-nggid03356-ngg0dyn-180x135x100-00f0w010c011r110f110r010t010.jpg\"\n                    width=\"180\"\n                    height=\"135\"\n                    style=\"max-width:100%;\"\n                \/>\n            <\/a>\n        <\/div>\n\t\t\t\t\t\t\t<\/div> \n\t\t\t\n        \n\t\t\t\t<div id=\"ngg-image-6\" class=\"ngg-gallery-thumbnail-box\" >\n\t\t\t\t        <div class=\"ngg-gallery-thumbnail\">\n            <a href=\"https:\/\/www.pozzioreste.com\/wp-content\/gallery\/storia\/1990.jpg\"\n               title=\"1990\"\n               data-src=\"https:\/\/www.pozzioreste.com\/wp-content\/gallery\/storia\/1990.jpg\"\n               data-thumbnail=\"https:\/\/www.pozzioreste.com\/wp-content\/gallery\/storia\/thumbs\/thumbs_1990.jpg\"\n               data-image-id=\"357\"\n               data-title=\"1990.jpg\"\n               data-description=\"1990\"\n               data-image-slug=\"1990-jpg\"\n               class=\"ngg-fancybox\" rel=\"c23b548890b198dfa384b83e0da3df3f\">\n                <img\n                    title=\"1990.jpg\"\n                    alt=\"1990.jpg\"\n                    src=\"https:\/\/www.pozzioreste.com\/wp-content\/gallery\/storia\/cache\/1990.jpg-nggid03357-ngg0dyn-180x135x100-00f0w010c011r110f110r010t010.jpg\"\n                    width=\"180\"\n                    height=\"135\"\n                    style=\"max-width:100%;\"\n                \/>\n            <\/a>\n        <\/div>\n\t\t\t\t\t\t\t<\/div> \n\t\t\t\n        \n\t\t\t\t<div id=\"ngg-image-7\" class=\"ngg-gallery-thumbnail-box\" >\n\t\t\t\t        <div class=\"ngg-gallery-thumbnail\">\n            <a href=\"https:\/\/www.pozzioreste.com\/wp-content\/gallery\/storia\/1994.jpg\"\n               title=\"1994\"\n               data-src=\"https:\/\/www.pozzioreste.com\/wp-content\/gallery\/storia\/1994.jpg\"\n               data-thumbnail=\"https:\/\/www.pozzioreste.com\/wp-content\/gallery\/storia\/thumbs\/thumbs_1994.jpg\"\n               data-image-id=\"358\"\n               data-title=\"1994.jpg\"\n               data-description=\"1994\"\n               data-image-slug=\"1994-jpg\"\n               class=\"ngg-fancybox\" rel=\"c23b548890b198dfa384b83e0da3df3f\">\n                <img\n                    title=\"1994.jpg\"\n                    alt=\"1994.jpg\"\n                    src=\"https:\/\/www.pozzioreste.com\/wp-content\/gallery\/storia\/cache\/1994.jpg-nggid03358-ngg0dyn-180x135x100-00f0w010c011r110f110r010t010.jpg\"\n                    width=\"180\"\n                    height=\"135\"\n                    style=\"max-width:100%;\"\n                \/>\n            <\/a>\n        <\/div>\n\t\t\t\t\t\t\t<\/div> \n\t\t\t\n        \n\t\t\t\t<div id=\"ngg-image-8\" class=\"ngg-gallery-thumbnail-box\" >\n\t\t\t\t        <div class=\"ngg-gallery-thumbnail\">\n            <a href=\"https:\/\/www.pozzioreste.com\/wp-content\/gallery\/storia\/1997.jpg\"\n               title=\"1997\"\n               data-src=\"https:\/\/www.pozzioreste.com\/wp-content\/gallery\/storia\/1997.jpg\"\n               data-thumbnail=\"https:\/\/www.pozzioreste.com\/wp-content\/gallery\/storia\/thumbs\/thumbs_1997.jpg\"\n               data-image-id=\"359\"\n               data-title=\"1997.jpg\"\n               data-description=\"1997\"\n               data-image-slug=\"1997-jpg\"\n               class=\"ngg-fancybox\" rel=\"c23b548890b198dfa384b83e0da3df3f\">\n                <img\n                    title=\"1997.jpg\"\n                    alt=\"1997.jpg\"\n                    src=\"https:\/\/www.pozzioreste.com\/wp-content\/gallery\/storia\/cache\/1997.jpg-nggid03359-ngg0dyn-180x135x100-00f0w010c011r110f110r010t010.jpg\"\n                    width=\"180\"\n                    height=\"135\"\n                    style=\"max-width:100%;\"\n                \/>\n            <\/a>\n        <\/div>\n\t\t\t\t\t\t\t<\/div> \n\t\t\t\n        \n\t\t\t\t<div id=\"ngg-image-9\" class=\"ngg-gallery-thumbnail-box\" >\n\t\t\t\t        <div class=\"ngg-gallery-thumbnail\">\n            <a href=\"https:\/\/www.pozzioreste.com\/wp-content\/gallery\/storia\/1999.jpg\"\n               title=\"1999\"\n               data-src=\"https:\/\/www.pozzioreste.com\/wp-content\/gallery\/storia\/1999.jpg\"\n               data-thumbnail=\"https:\/\/www.pozzioreste.com\/wp-content\/gallery\/storia\/thumbs\/thumbs_1999.jpg\"\n               data-image-id=\"360\"\n               data-title=\"1999.jpg\"\n               data-description=\"1999\"\n               data-image-slug=\"1999-jpg\"\n               class=\"ngg-fancybox\" rel=\"c23b548890b198dfa384b83e0da3df3f\">\n                <img\n                    title=\"1999.jpg\"\n                    alt=\"1999.jpg\"\n                    src=\"https:\/\/www.pozzioreste.com\/wp-content\/gallery\/storia\/cache\/1999.jpg-nggid03360-ngg0dyn-180x135x100-00f0w010c011r110f110r010t010.jpg\"\n                    width=\"180\"\n                    height=\"135\"\n                    style=\"max-width:100%;\"\n                \/>\n            <\/a>\n        <\/div>\n\t\t\t\t\t\t\t<\/div> \n\t\t\t\n        \n\t\t\t\t<div id=\"ngg-image-10\" class=\"ngg-gallery-thumbnail-box\" >\n\t\t\t\t        <div class=\"ngg-gallery-thumbnail\">\n            <a href=\"https:\/\/www.pozzioreste.com\/wp-content\/gallery\/storia\/2007.jpg\"\n               title=\"2007\"\n               data-src=\"https:\/\/www.pozzioreste.com\/wp-content\/gallery\/storia\/2007.jpg\"\n               data-thumbnail=\"https:\/\/www.pozzioreste.com\/wp-content\/gallery\/storia\/thumbs\/thumbs_2007.jpg\"\n               data-image-id=\"361\"\n               data-title=\"2007.jpg\"\n               data-description=\"2007\"\n               data-image-slug=\"2007-jpg\"\n               class=\"ngg-fancybox\" rel=\"c23b548890b198dfa384b83e0da3df3f\">\n                <img\n                    title=\"2007.jpg\"\n                    alt=\"2007.jpg\"\n                    src=\"https:\/\/www.pozzioreste.com\/wp-content\/gallery\/storia\/cache\/2007.jpg-nggid03361-ngg0dyn-180x135x100-00f0w010c011r110f110r010t010.jpg\"\n                    width=\"180\"\n                    height=\"135\"\n                    style=\"max-width:100%;\"\n                \/>\n            <\/a>\n        <\/div>\n\t\t\t\t\t\t\t<\/div> \n\t\t\t\n        \n\t\t\n\t\t<!-- Pagination -->\n\t<div class='ngg-clear'><\/div>\t<\/div>\n[\/et_pb_text][\/et_pb_column][\/et_pb_row][\/et_pb_section]<\/p>\n","protected":false},"excerpt":{"rendered":"<p>POZZI ORESTE S.r.l. &nbsp;&nbsp;\u201cDIE GESCHICHTE \u201c Der Begr\u00fcnder: &nbsp;Ritter Oreste Pozzi, Er beginnt seine Karriere w\u00e4hrend des Krieges, mit der Montage und Herstellung von Patronenkammer Teilen f\u00fcr Gewehre und Pistolen f\u00fcr eine bekannte italienische Waffenfabrik. Nach dem Krieg rund um den Beginn der 50er Jahre bis in die sp\u00e4ten 60er Jahre arbeitet er als kleine [&hellip;]<\/p>\n","protected":false},"author":1,"featured_media":0,"parent":0,"menu_order":0,"comment_status":"closed","ping_status":"closed","template":"","meta":{"_et_pb_use_builder":"on","_et_pb_old_content":"<p>\u00a0<\/p><p>\u00a0<\/p><p>\u00a0<\/p><p>\u00a0<\/p><p>IL Fondatore: Cav. Oreste Pozzi,<\/p><p>Inizia la sua carriera lavorativa durante la guerra assemblando e costruendo parti per caricatori di fucili e pistole per una nota azienda italiana di armi.<\/p><p>Nel dopoguerra intorno all\u2019 inizio degli anni 50 sino alla fine degli anni 60 collabora come piccolo artigiano per l\u2019azienda automobilistica Fiat producendo chiusure e componenti per Automobili\/Autocarri concludendo la collaborazione lavorativa a fine anni 60.<\/p><p>Agli inizi degli anni 70 con l\u2019ingresso in azienda del figlio Marico finisce come detto la collaborazione lavorativa con l\u2019azienda torinese, passando da piccola azienda terzista ad azienda produttrice di componenti e accessori per veicoli industriali con una struttura lavorativa ben precisa fatta di progettisti, venditori e dalla parte amministrativa tutti ben distinti fra loro. Grazie a questo organigramma la Pozzi Oreste acquisisce clienti propri in Italia ed in Europa, tutto questo con numerosi sforzi economici da parte dei soci e dei relativi venditori nella continua ricerca di potenziali clienti continuando sino ad oggi.<\/p><p>La fase odierna e cio\u00e8 quella dei nostri giorni \u00e8 rappresentata dalla presenza della seconda e dalla terza generazione ossia dall\u2019 amministratore Marico, la moglie Gloria e dai figli Paolo & Silvia. La figlia si occupa della parte amministrativa con la mamma Gloria esperta commercialista, mentre Paolo si occupa della parte commerciale con l\u2019idea di promuovere questo nuovo Sito Web da lui pensato e voluto per una maggior visibilit\u00e0 globale nel nostro settore.<\/p><p>Ringraziamo tutti per aver dedicato un po\u2019 di tempo alla nostra breve storia, e vi invitiamo a visitare il nostro nuovo Sito Web per scoprire la nostra Produzione.<\/p>","_et_gb_content_width":"","ngg_post_thumbnail":0},"_links":{"self":[{"href":"https:\/\/www.pozzioreste.com\/de\/wp-json\/wp\/v2\/pages\/3465"}],"collection":[{"href":"https:\/\/www.pozzioreste.com\/de\/wp-json\/wp\/v2\/pages"}],"about":[{"href":"https:\/\/www.pozzioreste.com\/de\/wp-json\/wp\/v2\/types\/page"}],"author":[{"embeddable":true,"href":"https:\/\/www.pozzioreste.com\/de\/wp-json\/wp\/v2\/users\/1"}],"replies":[{"embeddable":true,"href":"https:\/\/www.pozzioreste.com\/de\/wp-json\/wp\/v2\/comments?post=3465"}],"version-history":[{"count":3,"href":"https:\/\/www.pozzioreste.com\/de\/wp-json\/wp\/v2\/pages\/3465\/revisions"}],"predecessor-version":[{"id":4751,"href":"https:\/\/www.pozzioreste.com\/de\/wp-json\/wp\/v2\/pages\/3465\/revisions\/4751"}],"wp:attachment":[{"href":"https:\/\/www.pozzioreste.com\/de\/wp-json\/wp\/v2\/media?parent=3465"}],"curies":[{"name":"wp","href":"https:\/\/api.w.org\/{rel}","templated":true}]}}