{"id":4834,"date":"2021-11-11T14:54:28","date_gmt":"2021-11-11T13:54:28","guid":{"rendered":"https:\/\/www.pozzioreste.com\/shop\/unkategorisiert\/art-911-9000a\/"},"modified":"2021-11-24T10:10:22","modified_gmt":"2021-11-24T09:10:22","slug":"art-911-9000a","status":"publish","type":"product","link":"https:\/\/www.pozzioreste.com\/de\/shop\/anschlagstangen-laden\/art-911-9000a\/","title":{"rendered":"ART. 911 9000A"},"content":{"rendered":"<p>ART. 911 9000A<\/p>\n","protected":false},"excerpt":{"rendered":"<p>Verzinkte vertikale Lastanschlagstange<\/p>\n<p>Sie sind mit einer Feder ausgestattet, die an der fu\u00dfplatte gelegt ist, um \u00fcberm\u00e4\u00dfige Kraft, die vom Griff ausge\u00fcbt wird, zu absorbieren.<\/p>\n<p>Gewicht: Kg. 6,00 \/ H\u00f6he: Von mm.1938 bis mm.2890 \/ Rohrbreite: mm. 35<\/p>\n","protected":false},"featured_media":4837,"comment_status":"closed","ping_status":"closed","template":"","meta":{"_et_pb_use_builder":"","_et_pb_old_content":"","_et_gb_content_width":"","ngg_post_thumbnail":0},"product_cat":[689],"product_tag":[],"_links":{"self":[{"href":"https:\/\/www.pozzioreste.com\/de\/wp-json\/wp\/v2\/product\/4834"}],"collection":[{"href":"https:\/\/www.pozzioreste.com\/de\/wp-json\/wp\/v2\/product"}],"about":[{"href":"https:\/\/www.pozzioreste.com\/de\/wp-json\/wp\/v2\/types\/product"}],"replies":[{"embeddable":true,"href":"https:\/\/www.pozzioreste.com\/de\/wp-json\/wp\/v2\/comments?post=4834"}],"wp:featuredmedia":[{"embeddable":true,"href":"https:\/\/www.pozzioreste.com\/de\/wp-json\/wp\/v2\/media\/4837"}],"wp:attachment":[{"href":"https:\/\/www.pozzioreste.com\/de\/wp-json\/wp\/v2\/media?parent=4834"}],"wp:term":[{"taxonomy":"product_cat","embeddable":true,"href":"https:\/\/www.pozzioreste.com\/de\/wp-json\/wp\/v2\/product_cat?post=4834"},{"taxonomy":"product_tag","embeddable":true,"href":"https:\/\/www.pozzioreste.com\/de\/wp-json\/wp\/v2\/product_tag?post=4834"}],"curies":[{"name":"wp","href":"https:\/\/api.w.org\/{rel}","templated":true}]}}